{"id":3905,"date":"2026-01-27T09:07:34","date_gmt":"2026-01-27T01:07:34","guid":{"rendered":"http:\/\/www.jmchemi.com\/?post_type=product&#038;p=3905"},"modified":"2026-01-28T15:58:51","modified_gmt":"2026-01-28T07:58:51","slug":"cationic-reagent-cas-no-3327-22-8","status":"publish","type":"product","link":"https:\/\/www.jmchemi.com\/pt\/produto\/cationic-reagent-cas-no-3327-22-8\/","title":{"rendered":"Reagente cati\u00f3nico CAS NO.3327-22-8"},"content":{"rendered":"<h4><strong>Propriedades f\u00edsicas:<\/strong><\/h4>\n<p><strong>Apar\u00eancia\uff1a<\/strong>l\u00edquidos transparentes incolores<br \/>\n<strong>Gravidade espec\u00edfica<\/strong>\uff1a1.16 (20\u2103)<br \/>\n<strong>Ponto de Ebuli\u00e7\u00e3o\uff1a<\/strong>101\u2103<br \/>\n<strong>Ponto de fus\u00e3o:<\/strong> 191~193\u2103<br \/>\n<strong>Ponto de inflama\u00e7\u00e3o:<\/strong> 109\u2103, 230\u2109<br \/>\n<strong>Ponto de cristaliza\u00e7\u00e3o:<\/strong> -10~-4(69% conte\u00fado ativo), -34~-28(65% conte\u00fado ativo).<\/p>\n<h4><strong>Especifica\u00e7\u00e3o:<\/strong><\/h4>\n<p><strong>L\u00edquido: conte\u00fado de 69%, conte\u00fado de 65%\u00a0<\/strong><strong>S\u00f3lido.<\/strong><strong><br \/>\n<\/strong><\/p>\n<h4><strong>Aplica\u00e7\u00e3o:<\/strong><\/h4>\n<p><strong>1. ind\u00fastria do papel:<\/strong> \u00c9 principalmente utilizado como agente de eterifica\u00e7\u00e3o cati\u00f3nica l\u00edquida e maci\u00e7amente utilizado na transforma\u00e7\u00e3o de celulose, derivados de celulose e amido. Ao reagir com o amido, pode produzir amido cati\u00f3nico, que pode ser utilizado como aglutinante interno de papel, refor\u00e7ador de papel e auxiliar de embalagem e de interce\u00e7\u00e3o de celulose fina<br \/>\n<strong>2. ind\u00fastria t\u00eaxtil:<\/strong> O agente de eterifica\u00e7\u00e3o cati\u00f3nico l\u00edquido CHPTAC reage com as fibras de algod\u00e3o, melhorando assim a liga\u00e7\u00e3o do corante; e produz amido cati\u00f3nico ao reagir com o amido, que pode ser utilizado como agente de engomagem da teia.<br \/>\n<strong>3. ind\u00fastria de tratamento de \u00e1gua:<\/strong> Os s\u00f3lidos em suspens\u00e3o na \u00e1gua s\u00e3o electronegativos e produzem pol\u00edmeros cati\u00f3nicos quando reagem com o agente de eterifica\u00e7\u00e3o cati\u00f3nico l\u00edquido CHPTAC, que s\u00e3o amplamente utilizados na purifica\u00e7\u00e3o de \u00e1gua como floculantes.<br \/>\n<strong>4. ind\u00fastria qu\u00edmica de produtos de base:<\/strong> O guar cati\u00f3nico gerado ao reagir com o agente de eterifica\u00e7\u00e3o cati\u00f3nico l\u00edquido CTA e outras subst\u00e2ncias s\u00e3o produtos qu\u00edmicos di\u00e1rios importantes.<\/p>\n<h4><strong>Embalagem e armazenamento:<\/strong><\/h4>\n<p><strong>Embalagem:\u00a0<\/strong>250kg\/Tambor ou 1200kg\/IBC, 22Mt flexibag ou conforme a sua procura Manter em local fresco e seco, longe do fogo.<br \/>\n<strong>Prazo de validade\uff1a<\/strong>12 meses.<\/p>","protected":false},"excerpt":{"rendered":"<p><strong>3-<\/strong><strong>Cloreto de cloro-2-hidroxipropiltrimetilam\u00f3nio<\/strong><strong><br \/>\n<\/strong><strong>Introdu\u00e7\u00e3o do produto:<\/strong><strong><br \/>\nNome do produto:<\/strong>Cloreto de 3-cloro-2-hidroxipropiltrimetil am\u00f3nio (agente de eterifica\u00e7\u00e3o cati\u00f3nica)<br \/>\n<strong>F\u00f3rmula molecular:\u00a0 <\/strong>C6H15Cl2NO<br \/>\n<strong>Peso molecular<\/strong>\uff1a188.10<br \/>\n<strong>N.\u00ba CAS:<\/strong> 3327-22-8<br \/>\n<strong>H.S.CODE:<\/strong> 29239000.90<\/p>","protected":false},"featured_media":3909,"comment_status":"open","ping_status":"closed","template":"","meta":{"_seopress_robots_primary_cat":"","_seopress_titles_title":"%%post_title%%","_seopress_titles_desc":"%%post_excerpt%%","_seopress_robots_index":"","site-sidebar-layout":"default","site-content-layout":"","ast-site-content-layout":"default","site-content-style":"default","site-sidebar-style":"default","ast-global-header-display":"","ast-banner-title-visibility":"","ast-main-header-display":"","ast-hfb-above-header-display":"","ast-hfb-below-header-display":"","ast-hfb-mobile-header-display":"","site-post-title":"","ast-breadcrumbs-content":"","ast-featured-img":"","footer-sml-layout":"","ast-disable-related-posts":"","theme-transparent-header-meta":"default","adv-header-id-meta":"","stick-header-meta":"default","header-above-stick-meta":"","header-main-stick-meta":"","header-below-stick-meta":"","astra-migrate-meta-layouts":"set","ast-page-background-enabled":"default","ast-page-background-meta":{"desktop":{"background-color":"var(--ast-global-color-5)","background-image":"","background-repeat":"repeat","background-position":"center center","background-size":"auto","background-attachment":"scroll","background-type":"","background-media":"","overlay-type":"","overlay-color":"","overlay-opacity":"","overlay-gradient":""},"tablet":{"background-color":"","background-image":"","background-repeat":"repeat","background-position":"center center","background-size":"auto","background-attachment":"scroll","background-type":"","background-media":"","overlay-type":"","overlay-color":"","overlay-opacity":"","overlay-gradient":""},"mobile":{"background-color":"","background-image":"","background-repeat":"repeat","background-position":"center center","background-size":"auto","background-attachment":"scroll","background-type":"","background-media":"","overlay-type":"","overlay-color":"","overlay-opacity":"","overlay-gradient":""}},"ast-content-background-meta":{"desktop":{"background-color":"var(--ast-global-color-4)","background-image":"","background-repeat":"repeat","background-position":"center center","background-size":"auto","background-attachment":"scroll","background-type":"","background-media":"","overlay-type":"","overlay-color":"","overlay-opacity":"","overlay-gradient":""},"tablet":{"background-color":"var(--ast-global-color-4)","background-image":"","background-repeat":"repeat","background-position":"center center","background-size":"auto","background-attachment":"scroll","background-type":"","background-media":"","overlay-type":"","overlay-color":"","overlay-opacity":"","overlay-gradient":""},"mobile":{"background-color":"var(--ast-global-color-4)","background-image":"","background-repeat":"repeat","background-position":"center center","background-size":"auto","background-attachment":"scroll","background-type":"","background-media":"","overlay-type":"","overlay-color":"","overlay-opacity":"","overlay-gradient":""}}},"product_brand":[],"product_cat":[107],"product_tag":[],"class_list":{"0":"post-3905","1":"product","2":"type-product","3":"status-publish","4":"has-post-thumbnail","6":"product_cat-cationic-reagent","7":"desktop-align-center","8":"tablet-align-left","9":"mobile-align-left","10":"ast-product-gallery-layout-horizontal-slider","11":"ast-product-gallery-with-no-image","12":"ast-product-tabs-layout-horizontal","14":"first","15":"instock","16":"featured","17":"shipping-taxable","18":"product-type-simple"},"_links":{"self":[{"href":"https:\/\/www.jmchemi.com\/pt\/wp-json\/wp\/v2\/product\/3905","targetHints":{"allow":["GET"]}}],"collection":[{"href":"https:\/\/www.jmchemi.com\/pt\/wp-json\/wp\/v2\/product"}],"about":[{"href":"https:\/\/www.jmchemi.com\/pt\/wp-json\/wp\/v2\/types\/product"}],"replies":[{"embeddable":true,"href":"https:\/\/www.jmchemi.com\/pt\/wp-json\/wp\/v2\/comments?post=3905"}],"wp:featuredmedia":[{"embeddable":true,"href":"https:\/\/www.jmchemi.com\/pt\/wp-json\/wp\/v2\/media\/3909"}],"wp:attachment":[{"href":"https:\/\/www.jmchemi.com\/pt\/wp-json\/wp\/v2\/media?parent=3905"}],"wp:term":[{"taxonomy":"product_brand","embeddable":true,"href":"https:\/\/www.jmchemi.com\/pt\/wp-json\/wp\/v2\/product_brand?post=3905"},{"taxonomy":"product_cat","embeddable":true,"href":"https:\/\/www.jmchemi.com\/pt\/wp-json\/wp\/v2\/product_cat?post=3905"},{"taxonomy":"product_tag","embeddable":true,"href":"https:\/\/www.jmchemi.com\/pt\/wp-json\/wp\/v2\/product_tag?post=3905"}],"curies":[{"name":"wp","href":"https:\/\/api.w.org\/{rel}","templated":true}]}}