{"id":2022,"date":"2025-12-27T15:52:02","date_gmt":"2025-12-27T07:52:02","guid":{"rendered":"http:\/\/www.jmchemi.com\/?post_type=product&#038;p=2022"},"modified":"2026-01-27T13:47:54","modified_gmt":"2026-01-27T05:47:54","slug":"ethyl-acetate-ethyl-ethanoate","status":"publish","type":"product","link":"https:\/\/www.jmchemi.com\/pt\/produto\/ethyl-acetate-ethyl-ethanoate\/","title":{"rendered":"Acetato de etilo (Etanoato de etilo)"},"content":{"rendered":"<p>It is a colorless, flammable, and volatile liquid with a characteristic sweet, fruity odor similar to pear drops, and is the ester formed by the condensation of ethanol and acetic acid.<\/p>\n<h3>Principais aplica\u00e7\u00f5es<\/h3>\n<p><strong>Solvente:<\/strong> Widely used in coatings, inks, adhesives, nail polish removers, decaffeination of tea\/coffee, and as a solvent for cellulose esters, resins, and oils.<\/p>\n<p><strong>Flavor &amp; Fragrance:<\/strong> Used in artificial fruit essences, confectionery, ice cream, and perfumes for its sweet, fruity notes.<\/p>\n<p><strong>Utiliza\u00e7\u00e3o em laborat\u00f3rio:<\/strong> Common in column chromatography, thin-layer chromatography (TLC), and extraction due to its moderate polarity and low boiling poin\u00a0tAmerican Chemical Society.<\/p>\n<p><strong>Intermedi\u00e1rio qu\u00edmico:<\/strong> Precursor for synthesis of other compounds via hydrolysis, transesterification, or reduction reactions.<\/p>","protected":false},"excerpt":{"rendered":"<p>Ethyl acetate, systematically named ethyl ethanoate and commonly abbreviated as EtOAc, EA, or ETAC, is a widely used organic ester with the chemical formula\u00a0C<sub>4<\/sub>H<sub>8<\/sub>O<sub>2<\/sub>\u00a0(structural formula:\u00a0(CH<sub>3<\/sub>COOCH<sub>2<\/sub>CH<sub>3<\/sub>) and a CAS number of 141-78-6. It is a colorless, flammable, and volatile liquid with a characteristic sweet, fruity odor similar to pear drops, and is the ester formed by the condensation of ethanol and acetic acid.<\/p>","protected":false},"featured_media":3171,"comment_status":"closed","ping_status":"closed","template":"","meta":{"_seopress_robots_primary_cat":"none","_seopress_titles_title":"%%post_title%%","_seopress_titles_desc":"%%post_excerpt%%","_seopress_robots_index":"","site-sidebar-layout":"default","site-content-layout":"","ast-site-content-layout":"default","site-content-style":"default","site-sidebar-style":"default","ast-global-header-display":"","ast-banner-title-visibility":"","ast-main-header-display":"","ast-hfb-above-header-display":"","ast-hfb-below-header-display":"","ast-hfb-mobile-header-display":"","site-post-title":"","ast-breadcrumbs-content":"","ast-featured-img":"","footer-sml-layout":"","ast-disable-related-posts":"","theme-transparent-header-meta":"default","adv-header-id-meta":"","stick-header-meta":"default","header-above-stick-meta":"","header-main-stick-meta":"","header-below-stick-meta":"","astra-migrate-meta-layouts":"set","ast-page-background-enabled":"default","ast-page-background-meta":{"desktop":{"background-color":"var(--ast-global-color-5)","background-image":"","background-repeat":"repeat","background-position":"center center","background-size":"auto","background-attachment":"scroll","background-type":"","background-media":"","overlay-type":"","overlay-color":"","overlay-opacity":"","overlay-gradient":""},"tablet":{"background-color":"","background-image":"","background-repeat":"repeat","background-position":"center center","background-size":"auto","background-attachment":"scroll","background-type":"","background-media":"","overlay-type":"","overlay-color":"","overlay-opacity":"","overlay-gradient":""},"mobile":{"background-color":"","background-image":"","background-repeat":"repeat","background-position":"center center","background-size":"auto","background-attachment":"scroll","background-type":"","background-media":"","overlay-type":"","overlay-color":"","overlay-opacity":"","overlay-gradient":""}},"ast-content-background-meta":{"desktop":{"background-color":"var(--ast-global-color-4)","background-image":"","background-repeat":"repeat","background-position":"center center","background-size":"auto","background-attachment":"scroll","background-type":"","background-media":"","overlay-type":"","overlay-color":"","overlay-opacity":"","overlay-gradient":""},"tablet":{"background-color":"var(--ast-global-color-4)","background-image":"","background-repeat":"repeat","background-position":"center center","background-size":"auto","background-attachment":"scroll","background-type":"","background-media":"","overlay-type":"","overlay-color":"","overlay-opacity":"","overlay-gradient":""},"mobile":{"background-color":"var(--ast-global-color-4)","background-image":"","background-repeat":"repeat","background-position":"center center","background-size":"auto","background-attachment":"scroll","background-type":"","background-media":"","overlay-type":"","overlay-color":"","overlay-opacity":"","overlay-gradient":""}}},"product_brand":[],"product_cat":[80],"product_tag":[],"class_list":{"0":"post-2022","1":"product","2":"type-product","3":"status-publish","4":"has-post-thumbnail","6":"product_cat-acetic-ether","7":"desktop-align-center","8":"tablet-align-left","9":"mobile-align-left","10":"ast-product-gallery-layout-horizontal-slider","11":"ast-product-gallery-with-no-image","12":"ast-product-tabs-layout-horizontal","14":"first","15":"instock","16":"shipping-taxable","17":"product-type-simple"},"_links":{"self":[{"href":"https:\/\/www.jmchemi.com\/pt\/wp-json\/wp\/v2\/product\/2022","targetHints":{"allow":["GET"]}}],"collection":[{"href":"https:\/\/www.jmchemi.com\/pt\/wp-json\/wp\/v2\/product"}],"about":[{"href":"https:\/\/www.jmchemi.com\/pt\/wp-json\/wp\/v2\/types\/product"}],"replies":[{"embeddable":true,"href":"https:\/\/www.jmchemi.com\/pt\/wp-json\/wp\/v2\/comments?post=2022"}],"wp:featuredmedia":[{"embeddable":true,"href":"https:\/\/www.jmchemi.com\/pt\/wp-json\/wp\/v2\/media\/3171"}],"wp:attachment":[{"href":"https:\/\/www.jmchemi.com\/pt\/wp-json\/wp\/v2\/media?parent=2022"}],"wp:term":[{"taxonomy":"product_brand","embeddable":true,"href":"https:\/\/www.jmchemi.com\/pt\/wp-json\/wp\/v2\/product_brand?post=2022"},{"taxonomy":"product_cat","embeddable":true,"href":"https:\/\/www.jmchemi.com\/pt\/wp-json\/wp\/v2\/product_cat?post=2022"},{"taxonomy":"product_tag","embeddable":true,"href":"https:\/\/www.jmchemi.com\/pt\/wp-json\/wp\/v2\/product_tag?post=2022"}],"curies":[{"name":"wp","href":"https:\/\/api.w.org\/{rel}","templated":true}]}}