{"id":1958,"date":"2025-12-27T09:53:14","date_gmt":"2025-12-27T01:53:14","guid":{"rendered":"http:\/\/www.jmchemi.com\/?post_type=product&#038;p=1958"},"modified":"2026-01-22T14:06:43","modified_gmt":"2026-01-22T06:06:43","slug":"1-propanol","status":"publish","type":"product","link":"https:\/\/www.jmchemi.com\/pt\/produto\/1-propanol\/","title":{"rendered":"1-Propanol N.\u00ba CAS 71-23-8"},"content":{"rendered":"<p>Caracterizado como um l\u00edquido incolor e inflam\u00e1vel, emite um odor alco\u00f3lico distinto - semelhante ao etanol, mas ligeiramente mais pungente. Como um dos \u00e1lcoois alif\u00e1ticos mais simples, as suas propriedades qu\u00edmicas vers\u00e1teis tornam-no indispens\u00e1vel em diversos cen\u00e1rios industriais, laboratoriais e comerciais.<\/p>\n<h3>Aplica\u00e7\u00f5es<\/h3>\n<h6>O 1-propanol tem aplica\u00e7\u00f5es extensivas em v\u00e1rias ind\u00fastrias:<\/h6>\n<p><strong>Solvente:<\/strong> \u00c9 amplamente utilizado como solvente em revestimentos (tintas, vernizes, lacas), tintas de impress\u00e3o, adesivos e produtos de limpeza (por exemplo, desengordurantes, removedores de manchas). A sua capacidade de dissolver subst\u00e2ncias polares e n\u00e3o polares sublinha a sua versatilidade nestas aplica\u00e7\u00f5es.<\/p>\n<p><strong>Intermedi\u00e1rio qu\u00edmico:<\/strong> O 1-propanol \u00e9 um intermedi\u00e1rio importante na s\u00edntese de v\u00e1rios produtos qu\u00edmicos, incluindo o acetato de propilo (um solvente e agente aromatizante), as propilaminas e os \u00e9teres de glicol (utilizados em tensioactivos e fluidos hidr\u00e1ulicos).<\/p>\n<p><strong>Ind\u00fastria farmac\u00eautica e cosm\u00e9tica:<\/strong> \u00c9 utilizado como solvente na produ\u00e7\u00e3o de produtos farmac\u00eauticos (por exemplo, antibi\u00f3ticos, vitaminas) e cosm\u00e9ticos (por exemplo, lo\u00e7\u00f5es, perfumes, produtos para o cabelo). Actua tamb\u00e9m como conservante em algumas formula\u00e7\u00f5es.<\/p>\n<p><strong>Aditivo para combust\u00edvel:<\/strong> Em algumas regi\u00f5es, o 1-propanol \u00e9 utilizado como aditivo de combust\u00edvel para melhorar o \u00edndice de octanas da gasolina e reduzir as emiss\u00f5es. Tamb\u00e9m pode ser utilizado como biocombust\u00edvel quando misturado com outros combust\u00edveis.<\/p>\n<p><strong>Utiliza\u00e7\u00e3o em laborat\u00f3rio:<\/strong> \u00c9 um reagente comum em laborat\u00f3rios qu\u00edmicos para v\u00e1rias reac\u00e7\u00f5es, extrac\u00e7\u00f5es e como solvente para a prepara\u00e7\u00e3o de amostras.<\/p>","protected":false},"excerpt":{"rendered":"<p>1-Propanol, alternativamente designado por n-propanol ou propan-1-ol, N.\u00ba CAS<a href=\"https:\/\/china.guidechem.com\/434\/detail.html\">71-23-8<\/a>\u00e9 um \u00e1lcool prim\u00e1rio com a f\u00f3rmula qu\u00edmica C\u2083H\u2087OH. Caracterizado como um l\u00edquido incolor e inflam\u00e1vel, emite um odor alco\u00f3lico distinto - semelhante ao etanol, mas ligeiramente mais pungente. Como um dos \u00e1lcoois alif\u00e1ticos mais simples, suas propriedades qu\u00edmicas vers\u00e1teis o tornam indispens\u00e1vel em diversos cen\u00e1rios industriais, laboratoriais e comerciais.<\/p>","protected":false},"featured_media":3139,"comment_status":"closed","ping_status":"closed","template":"","meta":{"_seopress_robots_primary_cat":"none","_seopress_titles_title":"%%post_title%%","_seopress_titles_desc":"%%post_excerpt%%","_seopress_robots_index":"","site-sidebar-layout":"default","site-content-layout":"","ast-site-content-layout":"default","site-content-style":"default","site-sidebar-style":"default","ast-global-header-display":"","ast-banner-title-visibility":"","ast-main-header-display":"","ast-hfb-above-header-display":"","ast-hfb-below-header-display":"","ast-hfb-mobile-header-display":"","site-post-title":"","ast-breadcrumbs-content":"","ast-featured-img":"","footer-sml-layout":"","ast-disable-related-posts":"","theme-transparent-header-meta":"default","adv-header-id-meta":"","stick-header-meta":"default","header-above-stick-meta":"","header-main-stick-meta":"","header-below-stick-meta":"","astra-migrate-meta-layouts":"set","ast-page-background-enabled":"default","ast-page-background-meta":{"desktop":{"background-color":"var(--ast-global-color-5)","background-image":"","background-repeat":"repeat","background-position":"center center","background-size":"auto","background-attachment":"scroll","background-type":"","background-media":"","overlay-type":"","overlay-color":"","overlay-opacity":"","overlay-gradient":""},"tablet":{"background-color":"","background-image":"","background-repeat":"repeat","background-position":"center center","background-size":"auto","background-attachment":"scroll","background-type":"","background-media":"","overlay-type":"","overlay-color":"","overlay-opacity":"","overlay-gradient":""},"mobile":{"background-color":"","background-image":"","background-repeat":"repeat","background-position":"center center","background-size":"auto","background-attachment":"scroll","background-type":"","background-media":"","overlay-type":"","overlay-color":"","overlay-opacity":"","overlay-gradient":""}},"ast-content-background-meta":{"desktop":{"background-color":"var(--ast-global-color-4)","background-image":"","background-repeat":"repeat","background-position":"center center","background-size":"auto","background-attachment":"scroll","background-type":"","background-media":"","overlay-type":"","overlay-color":"","overlay-opacity":"","overlay-gradient":""},"tablet":{"background-color":"var(--ast-global-color-4)","background-image":"","background-repeat":"repeat","background-position":"center center","background-size":"auto","background-attachment":"scroll","background-type":"","background-media":"","overlay-type":"","overlay-color":"","overlay-opacity":"","overlay-gradient":""},"mobile":{"background-color":"var(--ast-global-color-4)","background-image":"","background-repeat":"repeat","background-position":"center center","background-size":"auto","background-attachment":"scroll","background-type":"","background-media":"","overlay-type":"","overlay-color":"","overlay-opacity":"","overlay-gradient":""}}},"product_brand":[],"product_cat":[68],"product_tag":[],"class_list":{"0":"post-1958","1":"product","2":"type-product","3":"status-publish","4":"has-post-thumbnail","6":"product_cat-1-propanol","7":"desktop-align-center","8":"tablet-align-left","9":"mobile-align-left","10":"ast-product-gallery-layout-horizontal-slider","11":"ast-product-gallery-with-no-image","12":"ast-product-tabs-layout-horizontal","14":"first","15":"instock","16":"shipping-taxable","17":"product-type-simple"},"_links":{"self":[{"href":"https:\/\/www.jmchemi.com\/pt\/wp-json\/wp\/v2\/product\/1958","targetHints":{"allow":["GET"]}}],"collection":[{"href":"https:\/\/www.jmchemi.com\/pt\/wp-json\/wp\/v2\/product"}],"about":[{"href":"https:\/\/www.jmchemi.com\/pt\/wp-json\/wp\/v2\/types\/product"}],"replies":[{"embeddable":true,"href":"https:\/\/www.jmchemi.com\/pt\/wp-json\/wp\/v2\/comments?post=1958"}],"wp:featuredmedia":[{"embeddable":true,"href":"https:\/\/www.jmchemi.com\/pt\/wp-json\/wp\/v2\/media\/3139"}],"wp:attachment":[{"href":"https:\/\/www.jmchemi.com\/pt\/wp-json\/wp\/v2\/media?parent=1958"}],"wp:term":[{"taxonomy":"product_brand","embeddable":true,"href":"https:\/\/www.jmchemi.com\/pt\/wp-json\/wp\/v2\/product_brand?post=1958"},{"taxonomy":"product_cat","embeddable":true,"href":"https:\/\/www.jmchemi.com\/pt\/wp-json\/wp\/v2\/product_cat?post=1958"},{"taxonomy":"product_tag","embeddable":true,"href":"https:\/\/www.jmchemi.com\/pt\/wp-json\/wp\/v2\/product_tag?post=1958"}],"curies":[{"name":"wp","href":"https:\/\/api.w.org\/{rel}","templated":true}]}}