{"id":3905,"date":"2026-01-27T09:07:34","date_gmt":"2026-01-27T01:07:34","guid":{"rendered":"http:\/\/www.jmchemi.com\/?post_type=product&#038;p=3905"},"modified":"2026-01-28T15:58:51","modified_gmt":"2026-01-28T07:58:51","slug":"cationic-reagent-cas-no-3327-22-8","status":"publish","type":"product","link":"https:\/\/www.jmchemi.com\/es\/producto\/cationic-reagent-cas-no-3327-22-8\/","title":{"rendered":"Reactivo cati\u00f3nico N\u00ba CAS.3327-22-8"},"content":{"rendered":"<h4><strong>Propiedades f\u00edsicas:<\/strong><\/h4>\n<p><strong>Apariencia\uff1a<\/strong>l\u00edquidos incoloros transparentes<br \/>\n<strong>Peso espec\u00edfico<\/strong>\uff1a1.16 (20\u2103)<br \/>\n<strong>Punto de ebullici\u00f3n\uff1a<\/strong>101\u2103<br \/>\n<strong>Punto de fusi\u00f3n:<\/strong> 191~193\u2103<br \/>\n<strong>Punto de inflamaci\u00f3n:<\/strong> 109\u2103, 230\u2109<br \/>\n<strong>Punto de cristalizaci\u00f3n:<\/strong> -10~-4(69% contenido activo), -34~-28(65% contenido activo).<\/p>\n<h4><strong>Especificaci\u00f3n:<\/strong><\/h4>\n<p><strong>L\u00edquido: 69% contenido,65% contenido\u00a0<\/strong><strong>S\u00f3lido.<\/strong><strong><br \/>\n<\/strong><\/p>\n<h4><strong>Aplicaci\u00f3n:<\/strong><\/h4>\n<p><strong>1.Industria papelera:<\/strong> Se utiliza principalmente como agente de eterificaci\u00f3n cati\u00f3nico l\u00edquido y se emplea masivamente en la transformaci\u00f3n de celulosa, derivados de celulosa y almid\u00f3n. Al reaccionar con el almid\u00f3n, puede producir almid\u00f3n cati\u00f3nico, que se puede utilizar como aglutinante interno de papel, reforzador de papel y auxiliares de interceptaci\u00f3n de embalaje y celulosa fina.<br \/>\n<strong>2.Industria textil:<\/strong> El agente l\u00edquido de eterificaci\u00f3n cati\u00f3nica CHPTAC reacciona con las fibras de algod\u00f3n y mejora as\u00ed la uni\u00f3n del tinte; y produce almid\u00f3n cati\u00f3nico al reaccionar con el almid\u00f3n, que puede utilizarse como agente de apresto de urdimbre.<br \/>\n<strong>3.Industria de tratamiento de aguas:<\/strong> Los s\u00f3lidos en suspensi\u00f3n en el agua presentan electronegatividad, y producir\u00e1n pol\u00edmeros cati\u00f3nicos al reaccionar con el agente de eterificaci\u00f3n cati\u00f3nico l\u00edquido CHPTAC, que se utilizan ampliamente en la purificaci\u00f3n del agua como floculantes.<br \/>\n<strong>4.Industria qu\u00edmica de materias primas:<\/strong> El guar cati\u00f3nico generado al reaccionar con el agente de eterificaci\u00f3n cati\u00f3nico l\u00edquido CTA y otras sustancias son importantes productos qu\u00edmicos cotidianos.<\/p>\n<h4><strong>Embalaje y almacenamiento:<\/strong><\/h4>\n<p><strong>Embalaje:\u00a0<\/strong>250kg\/Tambor o 1200kg\/IBC, 22Mt flexibag o seg\u00fan su demanda Conservar en lugar fresco y seco, lejos del fuego.<br \/>\n<strong>Caducidad\uff1a<\/strong>12 meses.<\/p>","protected":false},"excerpt":{"rendered":"<p><strong>3-<\/strong><strong>Cloruro de cloro-2-hidroxipropiltrimetilamonio<\/strong><strong><br \/>\n<\/strong><strong>Presentaci\u00f3n del producto:<\/strong><strong><br \/>\nNombre del producto:<\/strong>Cloruro de 3-cloro-2-hidroxipropiltrimetilamonio\uff08agente de eterificaci\u00f3n cati\u00f3nica\uff09.<br \/>\n<strong>F\u00f3rmula molecular:\u00a0 <\/strong>C6H15Cl2NO<br \/>\n<strong>Peso molecular<\/strong>\uff1a188.10<br \/>\n<strong>N\u00ba CAS.:<\/strong> 3327-22-8<br \/>\n<strong>H.S.CODE:<\/strong> 29239000.90<\/p>","protected":false},"featured_media":3909,"comment_status":"open","ping_status":"closed","template":"","meta":{"_seopress_robots_primary_cat":"","_seopress_titles_title":"%%post_title%%","_seopress_titles_desc":"%%post_excerpt%%","_seopress_robots_index":"","site-sidebar-layout":"default","site-content-layout":"","ast-site-content-layout":"default","site-content-style":"default","site-sidebar-style":"default","ast-global-header-display":"","ast-banner-title-visibility":"","ast-main-header-display":"","ast-hfb-above-header-display":"","ast-hfb-below-header-display":"","ast-hfb-mobile-header-display":"","site-post-title":"","ast-breadcrumbs-content":"","ast-featured-img":"","footer-sml-layout":"","ast-disable-related-posts":"","theme-transparent-header-meta":"default","adv-header-id-meta":"","stick-header-meta":"default","header-above-stick-meta":"","header-main-stick-meta":"","header-below-stick-meta":"","astra-migrate-meta-layouts":"set","ast-page-background-enabled":"default","ast-page-background-meta":{"desktop":{"background-color":"var(--ast-global-color-5)","background-image":"","background-repeat":"repeat","background-position":"center center","background-size":"auto","background-attachment":"scroll","background-type":"","background-media":"","overlay-type":"","overlay-color":"","overlay-opacity":"","overlay-gradient":""},"tablet":{"background-color":"","background-image":"","background-repeat":"repeat","background-position":"center center","background-size":"auto","background-attachment":"scroll","background-type":"","background-media":"","overlay-type":"","overlay-color":"","overlay-opacity":"","overlay-gradient":""},"mobile":{"background-color":"","background-image":"","background-repeat":"repeat","background-position":"center center","background-size":"auto","background-attachment":"scroll","background-type":"","background-media":"","overlay-type":"","overlay-color":"","overlay-opacity":"","overlay-gradient":""}},"ast-content-background-meta":{"desktop":{"background-color":"var(--ast-global-color-4)","background-image":"","background-repeat":"repeat","background-position":"center center","background-size":"auto","background-attachment":"scroll","background-type":"","background-media":"","overlay-type":"","overlay-color":"","overlay-opacity":"","overlay-gradient":""},"tablet":{"background-color":"var(--ast-global-color-4)","background-image":"","background-repeat":"repeat","background-position":"center center","background-size":"auto","background-attachment":"scroll","background-type":"","background-media":"","overlay-type":"","overlay-color":"","overlay-opacity":"","overlay-gradient":""},"mobile":{"background-color":"var(--ast-global-color-4)","background-image":"","background-repeat":"repeat","background-position":"center center","background-size":"auto","background-attachment":"scroll","background-type":"","background-media":"","overlay-type":"","overlay-color":"","overlay-opacity":"","overlay-gradient":""}}},"product_brand":[],"product_cat":[107],"product_tag":[],"class_list":{"0":"post-3905","1":"product","2":"type-product","3":"status-publish","4":"has-post-thumbnail","6":"product_cat-cationic-reagent","7":"desktop-align-center","8":"tablet-align-left","9":"mobile-align-left","10":"ast-product-gallery-layout-horizontal-slider","11":"ast-product-gallery-with-no-image","12":"ast-product-tabs-layout-horizontal","14":"first","15":"instock","16":"featured","17":"shipping-taxable","18":"product-type-simple"},"_links":{"self":[{"href":"https:\/\/www.jmchemi.com\/es\/wp-json\/wp\/v2\/product\/3905","targetHints":{"allow":["GET"]}}],"collection":[{"href":"https:\/\/www.jmchemi.com\/es\/wp-json\/wp\/v2\/product"}],"about":[{"href":"https:\/\/www.jmchemi.com\/es\/wp-json\/wp\/v2\/types\/product"}],"replies":[{"embeddable":true,"href":"https:\/\/www.jmchemi.com\/es\/wp-json\/wp\/v2\/comments?post=3905"}],"wp:featuredmedia":[{"embeddable":true,"href":"https:\/\/www.jmchemi.com\/es\/wp-json\/wp\/v2\/media\/3909"}],"wp:attachment":[{"href":"https:\/\/www.jmchemi.com\/es\/wp-json\/wp\/v2\/media?parent=3905"}],"wp:term":[{"taxonomy":"product_brand","embeddable":true,"href":"https:\/\/www.jmchemi.com\/es\/wp-json\/wp\/v2\/product_brand?post=3905"},{"taxonomy":"product_cat","embeddable":true,"href":"https:\/\/www.jmchemi.com\/es\/wp-json\/wp\/v2\/product_cat?post=3905"},{"taxonomy":"product_tag","embeddable":true,"href":"https:\/\/www.jmchemi.com\/es\/wp-json\/wp\/v2\/product_tag?post=3905"}],"curies":[{"name":"wp","href":"https:\/\/api.w.org\/{rel}","templated":true}]}}